{"id":3,"date":"2024-09-12T08:52:27","date_gmt":"2024-09-12T08:52:27","guid":{"rendered":"https:\/\/tecnitema.pt\/?page_id=3"},"modified":"2024-09-12T16:20:51","modified_gmt":"2024-09-12T16:20:51","slug":"politica-privacidade","status":"publish","type":"page","link":"https:\/\/tecnitema.pt\/en\/politica-privacidade\/","title":{"rendered":"Pol\u00edtica de Privacidade"},"content":{"rendered":"<section class=\"l-section wpb_row height_large color_primary\"><div class=\"l-section-h i-cf\"><div class=\"g-cols vc_row via_grid cols_1 laptops-cols_inherit tablets-cols_inherit mobiles-cols_1 valign_top type_default stacking_default\"><div class=\"wpb_column vc_column_container\"><div class=\"vc_column-inner\"><h1 class=\"w-post-elm post_title align_center entry-title color_link_inherit\">Pol\u00edtica de Privacidade<\/h1><\/div><\/div><\/div><\/div><\/section><section class=\"l-section wpb_row height_large\"><div class=\"l-section-h i-cf\"><div class=\"g-cols vc_row via_grid cols_1 laptops-cols_inherit tablets-cols_inherit mobiles-cols_1 valign_top type_default stacking_default\"><div class=\"wpb_column vc_column_container\"><div class=\"vc_column-inner\"><div class=\"wpb_text_column\"><div class=\"wpb_wrapper\"><p>Os dados pessoais facultados \u00e0 Tecnitema, Lda. s\u00e3o utilizados para dar cumprimento ao objeto da rela\u00e7\u00e3o contratual e \/ou profissional.<\/p>\n<p>Os dados podem ser divulgados a:<\/p>\n<ul>\n<li>Entidades p\u00fablicas (Finan\u00e7as, Instituto de Gest\u00e3o Financeira)<\/li>\n<li>Companhias de Seguros<\/li>\n<li>Fornecedores de servi\u00e7os de transporte<\/li>\n<li>Contabilidade<\/li>\n<li>Auditoria<\/li>\n<li>Redes Sociais<\/li>\n<\/ul>\n<p>O titular dos dados poder\u00e1, a qualquer momento, exercer os seus direitos de acesso, retifica\u00e7\u00e3o, elimina\u00e7\u00e3o, limita\u00e7\u00e3o do tratamento, oposi\u00e7\u00e3o atrav\u00e9s do website <a href=\"https:\/\/tecnitema.pt\/en\/\">www.tecnitema.pt<\/a> ou do endere\u00e7o eletr\u00f3nico: <a href=\"mailto:geral@tecnitema.pt\">geral@tecnitema.pt<\/a>.<\/p>\n<p>A Tecnitema, Lda. compromete-se a tratar os dados a que tenha acesso de forma confidencial, e ainda a n\u00e3o fazer qualquer utiliza\u00e7\u00e3o de dados com um fim distinto daqueles para que foram recolhidos, assim como a conserv\u00e1-los com as devidas medidas que garantam a sua seguran\u00e7a e integridade.<\/p>\n<\/div><\/div><\/div><\/div><\/div><\/div><\/section>","protected":false},"excerpt":{"rendered":"Pol\u00edtica de PrivacidadeOs dados pessoais facultados \u00e0 Tecnitema, Lda. s\u00e3o utilizados para dar cumprimento ao objeto da rela\u00e7\u00e3o contratual e \/ou profissional. Os dados podem ser divulgados a: Entidades p\u00fablicas (Finan\u00e7as, Instituto de Gest\u00e3o Financeira) Companhias de Seguros Fornecedores de servi\u00e7os de transporte Contabilidade Auditoria Redes Sociais O titular dos dados poder\u00e1, a qualquer momento,...","protected":false},"author":1,"featured_media":0,"parent":0,"menu_order":0,"comment_status":"closed","ping_status":"open","template":"","meta":{"footnotes":""},"class_list":["post-3","page","type-page","status-publish","hentry"],"_links":{"self":[{"href":"https:\/\/tecnitema.pt\/en\/wp-json\/wp\/v2\/pages\/3","targetHints":{"allow":["GET"]}}],"collection":[{"href":"https:\/\/tecnitema.pt\/en\/wp-json\/wp\/v2\/pages"}],"about":[{"href":"https:\/\/tecnitema.pt\/en\/wp-json\/wp\/v2\/types\/page"}],"author":[{"embeddable":true,"href":"https:\/\/tecnitema.pt\/en\/wp-json\/wp\/v2\/users\/1"}],"replies":[{"embeddable":true,"href":"https:\/\/tecnitema.pt\/en\/wp-json\/wp\/v2\/comments?post=3"}],"version-history":[{"count":3,"href":"https:\/\/tecnitema.pt\/en\/wp-json\/wp\/v2\/pages\/3\/revisions"}],"predecessor-version":[{"id":421,"href":"https:\/\/tecnitema.pt\/en\/wp-json\/wp\/v2\/pages\/3\/revisions\/421"}],"wp:attachment":[{"href":"https:\/\/tecnitema.pt\/en\/wp-json\/wp\/v2\/media?parent=3"}],"curies":[{"name":"wp","href":"https:\/\/api.w.org\/{rel}","templated":true}]}}