{"id":118,"date":"2022-04-30T20:22:58","date_gmt":"2022-04-30T20:22:58","guid":{"rendered":"https:\/\/impreza48.us-themes.com\/?page_id=118"},"modified":"2026-05-05T14:06:26","modified_gmt":"2026-05-05T14:06:26","slug":"contactos","status":"publish","type":"page","link":"https:\/\/tecnitema.pt\/en\/contactos\/","title":{"rendered":"Contacts"},"content":{"rendered":"<section class=\"l-section wpb_row height_small\"><div class=\"l-section-h i-cf\"><div class=\"g-cols vc_row via_grid cols_1 laptops-cols_inherit tablets-cols_inherit mobiles-cols_1 valign_top type_default stacking_default\"><div class=\"wpb_column vc_column_container\"><div class=\"vc_column-inner\"><h1 class=\"w-post-elm post_title us_custom_492179a4 entry-title color_link_inherit\">Contactos<\/h1><\/div><\/div><\/div><\/div><\/section><section class=\"l-section wpb_row height_large\"><div class=\"l-section-h i-cf\"><div class=\"g-cols vc_row via_grid cols_2 laptops-cols_inherit tablets-cols_1 mobiles-cols_1 valign_top type_default stacking_default\"><div class=\"wpb_column vc_column_container\"><div class=\"vc_column-inner\"><div class=\"w-map provider_osm us_custom_52d085a2 confirm_load\" id=\"us_map_1\" data-cookie-name=\"osm_load_confirmed\"><script type=\"text\/template\">PGRpdiBjbGFzcz0idy1tYXAtaW5uZXIiPjxkaXYgY2xhc3M9InctbWFwLWpzb24iIG9uY2xpY2s9J3JldHVybiB7JnF1b3Q7YWRkcmVzcyZxdW90OzomcXVvdDszNy45NjAyMzc2ODk5ODYyMiwgLTguODQ0MzIzNDQ1MzM5NDM0JnF1b3Q7LCZxdW90O2Rpc2FibGVEcmFnZ2luZyZxdW90OzoxLCZxdW90O2Rpc2FibGVab29tJnF1b3Q7OjEsJnF1b3Q7aGlkZUNvbnRyb2xzJnF1b3Q7OjEsJnF1b3Q7em9vbSZxdW90OzoxNCwmcXVvdDttYXJrZXJzJnF1b3Q7Olt7JnF1b3Q7YWRkcmVzcyZxdW90OzomcXVvdDszNy45NjAyMzc2ODk5ODYyMiwgLTguODQ0MzIzNDQ1MzM5NDM0JnF1b3Q7LCZxdW90O2h0bWwmcXVvdDs6JnF1b3Q7WklMIDIgXHUyMDEzIExPVEUgMTEzMSBcdTIwMTMgNzUyMC0zMDksIFNJTkVTLCBQT1JUVUdBTCZxdW90OywmcXVvdDtpbmZvd2luZG93JnF1b3Q7OiZxdW90OzEmcXVvdDt9XSwmcXVvdDtzdHlsZSZxdW90OzomcXVvdDtodHRwczpcL1wve3N9LmJhc2VtYXBzLmNhcnRvY2RuLmNvbVwvbGlnaHRfYWxsXC97en1cL3t4fVwve3l9e3J9LnBuZyZxdW90O30nPjwvZGl2PjwvZGl2Pg==<\/script><div class=\"w-map-privacy\"><p>By loading this map, you agree to the privacy policy of <a href=\"https:\/\/wiki.osmfoundation.org\/wiki\/Privacy_Policy\" target=\"_blank\" rel=\"nofollow noreferrer noopener\">OpenStreetMap Foundation<\/a>.<\/p><p><label><input type=\"checkbox\" name=\"osm_load_confirmed[us_map_1]\" value=\"0\"><span>Always load such maps on this site<\/span><\/label><\/p><p><button class=\"w-btn us-btn-style_1 action_confirm_load\" type=\"button\"><span class=\"w-btn-label\">Load Map<\/span><\/button><\/p><\/div><\/div><\/div><\/div><div class=\"wpb_column vc_column_container us_custom_73ed1037 has_bg_color\"><div class=\"vc_column-inner\"><h2 class=\"w-text us_custom_a574d586 has_text_color\"><span class=\"w-text-h\"><span class=\"w-text-value\">Contactos<\/span><\/span><\/h2><h5 class=\"w-text\"><a href=\"tel:00351269630110\" class=\"w-text-h\"><span class=\"w-text-value\">(+351) 269 630 110<\/span><\/a><\/h5><p class=\"w-text\"><span class=\"w-text-h\"><span class=\"w-text-value\">(Chamada para n\u00famero da rede fixa nacional)<\/span><\/span><\/p><h5 class=\"w-text\"><a href=\"mailto:geral@tecnitema.pt\" class=\"w-text-h\"><span class=\"w-text-value\">geral@tecnitema.pt<\/span><\/a><\/h5><div class=\"w-separator size_small\"><\/div><h2 class=\"w-text us_custom_a574d586 has_text_color\"><span class=\"w-text-h\"><span class=\"w-text-value\">Sede<\/span><\/span><\/h2><h5 class=\"w-text\"><span class=\"w-text-h\"><span class=\"w-text-value\">ZIL 2 &#8211; LOTE 1131 &#8211; 7520-309, SINES, PORTUGAL<\/span><\/span><\/h5><div class=\"w-separator size_small\"><\/div><h2 class=\"w-text us_custom_a574d586 has_text_color\"><span class=\"w-text-h\"><span class=\"w-text-value\">Escrit\u00f3rio<\/span><\/span><\/h2><h5 class=\"w-text\"><span class=\"w-text-h\"><span class=\"w-text-value\">RUA ESTADO DA INDIA, 29, EDIFICIO GOA, ESCRITORIO 211 &#8211; 2685-146, SACAV\u00c9M, PORTUGAL<\/span><\/span><\/h5><\/div><\/div><\/div><\/div><\/section>\n","protected":false},"excerpt":{"rendered":"ContactosBy loading this map, you agree to the privacy policy of OpenStreetMap Foundation.Always load such maps on this siteLoad MapContactos(+351) 269 630 110(Chamada para n\u00famero da rede fixa nacional)geral@tecnitema.ptSedeZIL 2 &#8211; LOTE 1131 &#8211; 7520-309, SINES, PORTUGALEscrit\u00f3rioRUA ESTADO DA INDIA, 29, EDIFICIO GOA, ESCRITORIO 211 &#8211; 2685-146, SACAV\u00c9M, PORTUGAL","protected":false},"author":1,"featured_media":0,"parent":0,"menu_order":0,"comment_status":"closed","ping_status":"closed","template":"","meta":{"footnotes":""},"class_list":["post-118","page","type-page","status-publish","hentry"],"_links":{"self":[{"href":"https:\/\/tecnitema.pt\/en\/wp-json\/wp\/v2\/pages\/118","targetHints":{"allow":["GET"]}}],"collection":[{"href":"https:\/\/tecnitema.pt\/en\/wp-json\/wp\/v2\/pages"}],"about":[{"href":"https:\/\/tecnitema.pt\/en\/wp-json\/wp\/v2\/types\/page"}],"author":[{"embeddable":true,"href":"https:\/\/tecnitema.pt\/en\/wp-json\/wp\/v2\/users\/1"}],"replies":[{"embeddable":true,"href":"https:\/\/tecnitema.pt\/en\/wp-json\/wp\/v2\/comments?post=118"}],"version-history":[{"count":9,"href":"https:\/\/tecnitema.pt\/en\/wp-json\/wp\/v2\/pages\/118\/revisions"}],"predecessor-version":[{"id":520,"href":"https:\/\/tecnitema.pt\/en\/wp-json\/wp\/v2\/pages\/118\/revisions\/520"}],"wp:attachment":[{"href":"https:\/\/tecnitema.pt\/en\/wp-json\/wp\/v2\/media?parent=118"}],"curies":[{"name":"wp","href":"https:\/\/api.w.org\/{rel}","templated":true}]}}