{"id":111,"date":"2022-04-30T20:22:42","date_gmt":"2022-04-30T20:22:42","guid":{"rendered":"https:\/\/impreza48.us-themes.com\/?page_id=111"},"modified":"2026-05-13T13:53:25","modified_gmt":"2026-05-13T13:53:25","slug":"solucoes-tecnicas","status":"publish","type":"page","link":"https:\/\/tecnitema.pt\/en\/solucoes-tecnicas\/","title":{"rendered":"Technical Solutions"},"content":{"rendered":"<section class=\"l-section wpb_row height_small\"><div class=\"l-section-h i-cf\"><div class=\"g-cols vc_row via_grid cols_1 laptops-cols_inherit tablets-cols_inherit mobiles-cols_1 valign_top type_default stacking_default\"><div class=\"wpb_column vc_column_container\"><div class=\"vc_column-inner\"><h1 class=\"w-post-elm post_title us_custom_492179a4 entry-title color_link_inherit\">Solu\u00e7\u00f5es T\u00e9cnicas<\/h1><\/div><\/div><\/div><\/div><\/section><section class=\"l-section wpb_row height_small\"><div class=\"l-section-h i-cf\"><div class=\"g-cols vc_row via_grid cols_1 laptops-cols_inherit tablets-cols_inherit mobiles-cols_1 valign_top type_default stacking_default\"><div class=\"wpb_column vc_column_container\"><div class=\"vc_column-inner\"><div class=\"w-grid us_post_list type_grid layout_525 cols_4 preload_style_spinner ratio_1x1\" id=\"us_post_list_lfbd\" style=\"--columns:4;--gap:1rem;--item-ratio:1;\"><style>@media (max-width:1024px){#us_post_list_lfbd{--columns:2!important}}@media (max-width:600px){#us_post_list_lfbd{--columns:1!important}}.layout_525 .w-grid-item-h{background:#333}.layout_525 .usg_post_image_1{transition-duration:0.35s;transform-origin:50% 50%;transform:scale(1) translate(0%,0%)}.layout_525 .w-grid-item-h:focus-within .usg_post_image_1,.layout_525 .w-grid-item-h:hover .usg_post_image_1{transform:scale(1.1) translate(0%,0%);opacity:0.1}.layout_525 .usg_post_image_1{position:absolute!important;top:0!important;right:0!important;bottom:0!important;left:0!important}.layout_525 .usg_vwrapper_1{position:absolute!important;left:10px!important;bottom:10px!important;right:10px!important;padding:15px!important;background:rgba(46,166,123,0.7)!important}.layout_525 .usg_post_title_1{color:#fff!important;font-size:1.2rem!important}.layout_525 .usg_post_taxonomy_1{color:#fff!important;font-size:0.9rem!important}<\/style><div class=\"w-grid-list\">\t<article class=\"w-grid-item size_1x1 post-501 us_portfolio type-us_portfolio status-publish has-post-thumbnail hentry\" data-id=\"501\">\r\n\t\t<div class=\"w-grid-item-h\">\r\n\t\t\t\t\t\t\t<a href=\"\/contactos\" class=\"w-grid-item-anchor\" aria-label=\"Bombagem e Centrais de Inc\u00eandio\"><\/a>\r\n\t\t\t\t\t\t<div class=\"w-post-elm post_image usg_post_image_1 stretched\"><img loading=\"lazy\" decoding=\"async\" width=\"1024\" height=\"842\" src=\"https:\/\/tecnitema.pt\/wp-content\/uploads\/2026\/05\/maquinaria-pesada-1024x842.jpg\" class=\"attachment-large size-large wp-post-image\" alt=\"\" srcset=\"https:\/\/tecnitema.pt\/wp-content\/uploads\/2026\/05\/maquinaria-pesada-1024x842.jpg 1024w, https:\/\/tecnitema.pt\/wp-content\/uploads\/2026\/05\/maquinaria-pesada-300x247.jpg 300w, https:\/\/tecnitema.pt\/wp-content\/uploads\/2026\/05\/maquinaria-pesada-15x12.jpg 15w, https:\/\/tecnitema.pt\/wp-content\/uploads\/2026\/05\/maquinaria-pesada.jpg 1128w\" sizes=\"auto, (max-width: 1024px) 100vw, 1024px\" \/><\/div><div class=\"w-vwrapper usg_vwrapper_1 align_none valign_top\"><h2 class=\"w-post-elm post_title usg_post_title_1 has_text_color align_center entry-title color_link_inherit\">Bombagem e Centrais de Inc\u00eandio<\/h2><\/div>\t\t<\/div>\r\n\t\t\t<\/article>\r\n\t<article class=\"w-grid-item size_1x1 post-503 us_portfolio type-us_portfolio status-publish has-post-thumbnail hentry\" data-id=\"503\">\r\n\t\t<div class=\"w-grid-item-h\">\r\n\t\t\t\t\t\t\t<a href=\"\/contactos\" class=\"w-grid-item-anchor\" aria-label=\"Compressores, Componentes e Lubrifica\u00e7\u00e3o\"><\/a>\r\n\t\t\t\t\t\t<div class=\"w-post-elm post_image usg_post_image_1 stretched\"><img loading=\"lazy\" decoding=\"async\" width=\"857\" height=\"604\" src=\"https:\/\/tecnitema.pt\/wp-content\/uploads\/2026\/05\/turbinas.jpg\" class=\"attachment-large size-large wp-post-image\" alt=\"\" srcset=\"https:\/\/tecnitema.pt\/wp-content\/uploads\/2026\/05\/turbinas.jpg 857w, https:\/\/tecnitema.pt\/wp-content\/uploads\/2026\/05\/turbinas-300x211.jpg 300w, https:\/\/tecnitema.pt\/wp-content\/uploads\/2026\/05\/turbinas-18x12.jpg 18w\" sizes=\"auto, (max-width: 857px) 100vw, 857px\" \/><\/div><div class=\"w-vwrapper usg_vwrapper_1 align_none valign_top\"><h2 class=\"w-post-elm post_title usg_post_title_1 has_text_color align_center entry-title color_link_inherit\">Compressores, Componentes e Lubrifica\u00e7\u00e3o<\/h2><\/div>\t\t<\/div>\r\n\t\t\t<\/article>\r\n\t<article class=\"w-grid-item size_1x1 post-507 us_portfolio type-us_portfolio status-publish has-post-thumbnail hentry\" data-id=\"507\">\r\n\t\t<div class=\"w-grid-item-h\">\r\n\t\t\t\t\t\t\t<a href=\"\/contactos\" class=\"w-grid-item-anchor\" aria-label=\"Equipamentos e Materiais Diversos\"><\/a>\r\n\t\t\t\t\t\t<div class=\"w-post-elm post_image usg_post_image_1 stretched\"><img loading=\"lazy\" decoding=\"async\" width=\"1024\" height=\"704\" src=\"https:\/\/tecnitema.pt\/wp-content\/uploads\/2026\/05\/tubagens-1024x704.jpg\" class=\"attachment-large size-large wp-post-image\" alt=\"\" srcset=\"https:\/\/tecnitema.pt\/wp-content\/uploads\/2026\/05\/tubagens-1024x704.jpg 1024w, https:\/\/tecnitema.pt\/wp-content\/uploads\/2026\/05\/tubagens-300x206.jpg 300w, https:\/\/tecnitema.pt\/wp-content\/uploads\/2026\/05\/tubagens-18x12.jpg 18w, https:\/\/tecnitema.pt\/wp-content\/uploads\/2026\/05\/tubagens.jpg 1234w\" sizes=\"auto, (max-width: 1024px) 100vw, 1024px\" \/><\/div><div class=\"w-vwrapper usg_vwrapper_1 align_none valign_top\"><h2 class=\"w-post-elm post_title usg_post_title_1 has_text_color align_center entry-title color_link_inherit\">Equipamentos e Materiais Diversos<\/h2><\/div>\t\t<\/div>\r\n\t\t\t<\/article>\r\n\t<article class=\"w-grid-item size_1x1 post-505 us_portfolio type-us_portfolio status-publish has-post-thumbnail hentry\" data-id=\"505\">\r\n\t\t<div class=\"w-grid-item-h\">\r\n\t\t\t\t\t\t\t<a href=\"\/contactos\" class=\"w-grid-item-anchor\" aria-label=\"Fabrico de Equipamentos Sob Press\u00e3o\"><\/a>\r\n\t\t\t\t\t\t<div class=\"w-post-elm post_image usg_post_image_1 stretched\"><img loading=\"lazy\" decoding=\"async\" width=\"1024\" height=\"625\" src=\"https:\/\/tecnitema.pt\/wp-content\/uploads\/2026\/05\/trabalhador-1024x625.jpg\" class=\"attachment-large size-large wp-post-image\" alt=\"\" srcset=\"https:\/\/tecnitema.pt\/wp-content\/uploads\/2026\/05\/trabalhador-1024x625.jpg 1024w, https:\/\/tecnitema.pt\/wp-content\/uploads\/2026\/05\/trabalhador-300x183.jpg 300w, https:\/\/tecnitema.pt\/wp-content\/uploads\/2026\/05\/trabalhador-18x12.jpg 18w, https:\/\/tecnitema.pt\/wp-content\/uploads\/2026\/05\/trabalhador.jpg 1310w\" sizes=\"auto, (max-width: 1024px) 100vw, 1024px\" \/><\/div><div class=\"w-vwrapper usg_vwrapper_1 align_none valign_top\"><h2 class=\"w-post-elm post_title usg_post_title_1 has_text_color align_center entry-title color_link_inherit\">Fabrico de Equipamentos Sob Press\u00e3o<\/h2><\/div>\t\t<\/div>\r\n\t\t\t<\/article>\r\n\t<article class=\"w-grid-item size_1x1 post-495 us_portfolio type-us_portfolio status-publish has-post-thumbnail hentry\" data-id=\"495\">\r\n\t\t<div class=\"w-grid-item-h\">\r\n\t\t\t\t\t\t\t<a href=\"\/contactos\" class=\"w-grid-item-anchor\" aria-label=\"Flanges e Acess\u00f3rios\"><\/a>\r\n\t\t\t\t\t\t<div class=\"w-post-elm post_image usg_post_image_1 stretched\"><img loading=\"lazy\" decoding=\"async\" width=\"1024\" height=\"624\" src=\"https:\/\/tecnitema.pt\/wp-content\/uploads\/2026\/05\/pecas-1024x624.jpg\" class=\"attachment-large size-large wp-post-image\" alt=\"\" srcset=\"https:\/\/tecnitema.pt\/wp-content\/uploads\/2026\/05\/pecas-1024x624.jpg 1024w, https:\/\/tecnitema.pt\/wp-content\/uploads\/2026\/05\/pecas-300x183.jpg 300w, https:\/\/tecnitema.pt\/wp-content\/uploads\/2026\/05\/pecas-18x12.jpg 18w, https:\/\/tecnitema.pt\/wp-content\/uploads\/2026\/05\/pecas.jpg 1312w\" sizes=\"auto, (max-width: 1024px) 100vw, 1024px\" \/><\/div><div class=\"w-vwrapper usg_vwrapper_1 align_none valign_top\"><h2 class=\"w-post-elm post_title usg_post_title_1 has_text_color align_center entry-title color_link_inherit\">Flanges e Acess\u00f3rios<\/h2><\/div>\t\t<\/div>\r\n\t\t\t<\/article>\r\n\t<article class=\"w-grid-item size_1x1 post-486 us_portfolio type-us_portfolio status-publish has-post-thumbnail hentry\" data-id=\"486\">\r\n\t\t<div class=\"w-grid-item-h\">\r\n\t\t\t\t\t\t\t<a href=\"\/contactos\" class=\"w-grid-item-anchor\" aria-label=\"Tubos\"><\/a>\r\n\t\t\t\t\t\t<div class=\"w-post-elm post_image usg_post_image_1 stretched\"><img loading=\"lazy\" decoding=\"async\" width=\"1024\" height=\"678\" src=\"https:\/\/tecnitema.pt\/wp-content\/uploads\/2026\/05\/tubos-1024x678.jpg\" class=\"attachment-large size-large wp-post-image\" alt=\"\" srcset=\"https:\/\/tecnitema.pt\/wp-content\/uploads\/2026\/05\/tubos-1024x678.jpg 1024w, https:\/\/tecnitema.pt\/wp-content\/uploads\/2026\/05\/tubos-300x199.jpg 300w, https:\/\/tecnitema.pt\/wp-content\/uploads\/2026\/05\/tubos-18x12.jpg 18w, https:\/\/tecnitema.pt\/wp-content\/uploads\/2026\/05\/tubos.jpg 1256w\" sizes=\"auto, (max-width: 1024px) 100vw, 1024px\" \/><\/div><div class=\"w-vwrapper usg_vwrapper_1 align_none valign_top\"><h2 class=\"w-post-elm post_title usg_post_title_1 has_text_color align_center entry-title color_link_inherit\">Tubos<\/h2><\/div>\t\t<\/div>\r\n\t\t\t<\/article>\r\n\t<article class=\"w-grid-item size_1x1 post-499 us_portfolio type-us_portfolio status-publish has-post-thumbnail hentry\" data-id=\"499\">\r\n\t\t<div class=\"w-grid-item-h\">\r\n\t\t\t\t\t\t\t<a href=\"\/contactos\" class=\"w-grid-item-anchor\" aria-label=\"V\u00e1lvulas\"><\/a>\r\n\t\t\t\t\t\t<div class=\"w-post-elm post_image usg_post_image_1 stretched\"><img loading=\"lazy\" decoding=\"async\" width=\"1024\" height=\"577\" src=\"https:\/\/tecnitema.pt\/wp-content\/uploads\/2026\/05\/ligacoes-tubos-1024x577.jpg\" class=\"attachment-large size-large wp-post-image\" alt=\"\" srcset=\"https:\/\/tecnitema.pt\/wp-content\/uploads\/2026\/05\/ligacoes-tubos-1024x577.jpg 1024w, https:\/\/tecnitema.pt\/wp-content\/uploads\/2026\/05\/ligacoes-tubos-300x169.jpg 300w, https:\/\/tecnitema.pt\/wp-content\/uploads\/2026\/05\/ligacoes-tubos-18x10.jpg 18w, https:\/\/tecnitema.pt\/wp-content\/uploads\/2026\/05\/ligacoes-tubos.jpg 1363w\" sizes=\"auto, (max-width: 1024px) 100vw, 1024px\" \/><\/div><div class=\"w-vwrapper usg_vwrapper_1 align_none valign_top\"><h2 class=\"w-post-elm post_title usg_post_title_1 has_text_color align_center entry-title color_link_inherit\">V\u00e1lvulas<\/h2><\/div>\t\t<\/div>\r\n\t\t\t<\/article>\r\n\t<article class=\"w-grid-item size_1x1 post-497 us_portfolio type-us_portfolio status-publish has-post-thumbnail hentry\" data-id=\"497\">\r\n\t\t<div class=\"w-grid-item-h\">\r\n\t\t\t\t\t\t\t<a href=\"\/contactos\" class=\"w-grid-item-anchor\" aria-label=\"Veda\u00e7\u00e3o\"><\/a>\r\n\t\t\t\t\t\t<div class=\"w-post-elm post_image usg_post_image_1 stretched\"><img loading=\"lazy\" decoding=\"async\" width=\"1024\" height=\"825\" src=\"https:\/\/tecnitema.pt\/wp-content\/uploads\/2026\/05\/varias-pecas-1024x825.jpg\" class=\"attachment-large size-large wp-post-image\" alt=\"\" srcset=\"https:\/\/tecnitema.pt\/wp-content\/uploads\/2026\/05\/varias-pecas-1024x825.jpg 1024w, https:\/\/tecnitema.pt\/wp-content\/uploads\/2026\/05\/varias-pecas-300x242.jpg 300w, https:\/\/tecnitema.pt\/wp-content\/uploads\/2026\/05\/varias-pecas-15x12.jpg 15w, https:\/\/tecnitema.pt\/wp-content\/uploads\/2026\/05\/varias-pecas.jpg 1152w\" sizes=\"auto, (max-width: 1024px) 100vw, 1024px\" \/><\/div><div class=\"w-vwrapper usg_vwrapper_1 align_none valign_top\"><h2 class=\"w-post-elm post_title usg_post_title_1 has_text_color align_center entry-title color_link_inherit\">Veda\u00e7\u00e3o<\/h2><\/div>\t\t<\/div>\r\n\t\t\t<\/article>\r\n<\/div><div class=\"g-loadmore hidden\"><div class=\"g-preloader type_1\"><div><\/div><\/div><\/div><div class=\"w-grid-list-json hidden\" onclick='return {&quot;max_num_pages&quot;:0,&quot;paginationBase&quot;:&quot;page&quot;,&quot;pagination&quot;:&quot;none&quot;,&quot;paged&quot;:1,&quot;ajaxData&quot;:{&quot;action&quot;:&quot;us_ajax_post_list&quot;,&quot;meta_type&quot;:&quot;post&quot;,&quot;object_id&quot;:0,&quot;template_vars&quot;:{&quot;shortcode_base&quot;:&quot;us_post_list&quot;,&quot;paged&quot;:1,&quot;max_num_pages&quot;:0,&quot;no_results&quot;:false,&quot;us_post_content_design_css&quot;:[],&quot;found_posts&quot;:0,&quot;per_page&quot;:12,&quot;items_count&quot;:8,&quot;orderby_random_seed&quot;:null,&quot;source&quot;:&quot;all&quot;,&quot;ids&quot;:&quot;&quot;,&quot;post_type&quot;:&quot;us_portfolio&quot;,&quot;attachment_ids&quot;:null,&quot;include_post_thumbnail&quot;:0,&quot;post_author&quot;:&quot;any&quot;,&quot;post_author_ids&quot;:&quot;&quot;,&quot;apply_url_params&quot;:0,&quot;ignore_sticky_posts&quot;:1,&quot;exclude_children&quot;:0,&quot;exclude_current_post&quot;:1,&quot;exclude_prev_posts&quot;:0,&quot;exclude_past_events&quot;:0,&quot;enable_items_offset&quot;:0,&quot;items_offset&quot;:&quot;1&quot;,&quot;tax_query_relation&quot;:&quot;none&quot;,&quot;tax_query&quot;:[{&quot;operator&quot;:&quot;IN&quot;,&quot;taxonomy&quot;:&quot;category&quot;,&quot;terms&quot;:&quot;&quot;,&quot;include_children&quot;:0}],&quot;meta_query_relation&quot;:&quot;none&quot;,&quot;meta_query&quot;:[{&quot;key&quot;:&quot;custom_field_name&quot;,&quot;compare&quot;:&quot;=&quot;,&quot;value&quot;:&quot;&quot;}],&quot;orderby&quot;:&quot;title&quot;,&quot;orderby_custom_field&quot;:&quot;&quot;,&quot;orderby_custom_type&quot;:0,&quot;order_invert&quot;:0,&quot;show_all&quot;:0,&quot;quantity&quot;:&quot;12&quot;,&quot;posts_per_archive_page&quot;:0,&quot;no_items_action&quot;:&quot;message&quot;,&quot;no_items_message&quot;:&quot;No results found.&quot;,&quot;no_items_page_block&quot;:&quot;&quot;,&quot;pagination&quot;:&quot;none&quot;,&quot;pagination_style&quot;:&quot;&quot;,&quot;pagination_btn_text&quot;:&quot;Load More&quot;,&quot;pagination_btn_size&quot;:&quot;&quot;,&quot;pagination_btn_style&quot;:&quot;1&quot;,&quot;pagination_btn_fullwidth&quot;:0,&quot;items_layout&quot;:&quot;525&quot;,&quot;type&quot;:&quot;grid&quot;,&quot;items_valign&quot;:0,&quot;ignore_items_size&quot;:0,&quot;columns&quot;:&quot;4&quot;,&quot;items_gap&quot;:&quot;1rem&quot;,&quot;load_animation&quot;:&quot;none&quot;,&quot;items_preload_style&quot;:&quot;spinner&quot;,&quot;img_size&quot;:&quot;default&quot;,&quot;title_size&quot;:&quot;&quot;,&quot;items_ratio&quot;:&quot;default&quot;,&quot;items_ratio_width&quot;:&quot;21&quot;,&quot;items_ratio_height&quot;:&quot;9&quot;,&quot;overriding_link&quot;:&quot;%7B%22url%22%3A%22%2Fcontactos%22%7D&quot;,&quot;popup_page_template&quot;:&quot;0&quot;,&quot;popup_width&quot;:&quot;&quot;,&quot;popup_arrows&quot;:1,&quot;breakpoint_1_width&quot;:&quot;1381px&quot;,&quot;breakpoint_1_cols&quot;:&quot;default&quot;,&quot;breakpoint_1_quantity&quot;:&quot;&quot;,&quot;breakpoint_1_gap&quot;:&quot;&quot;,&quot;breakpoint_2_width&quot;:&quot;1025px&quot;,&quot;breakpoint_2_cols&quot;:&quot;2&quot;,&quot;breakpoint_2_quantity&quot;:&quot;&quot;,&quot;breakpoint_2_gap&quot;:&quot;&quot;,&quot;breakpoint_3_width&quot;:&quot;601px&quot;,&quot;breakpoint_3_cols&quot;:&quot;1&quot;,&quot;breakpoint_3_quantity&quot;:&quot;&quot;,&quot;breakpoint_3_gap&quot;:&quot;&quot;,&quot;conditions_operator&quot;:&quot;always&quot;,&quot;conditions&quot;:[],&quot;css&quot;:null,&quot;el_class&quot;:&quot;&quot;,&quot;el_id&quot;:&quot;&quot;,&quot;enable_custom_html_atts&quot;:0,&quot;custom_html_atts&quot;:null,&quot;hide_on_states&quot;:&quot;&quot;,&quot;hide_for_sticky&quot;:0,&quot;hide_for_not_sticky&quot;:0,&quot;hide_below&quot;:&quot;0px&quot;,&quot;hide_above&quot;:&quot;0px&quot;,&quot;classes&quot;:&quot;&quot;},&quot;found_posts&quot;:0,&quot;per_page&quot;:12},&quot;facetedFilter&quot;:[]}'><\/div><\/div><\/div><\/div><\/div><\/div><\/section><section class=\"l-section wpb_row us_custom_887a049b height_large\"><div class=\"l-section-h i-cf\"><div class=\"g-cols vc_row via_grid cols_1 laptops-cols_inherit tablets-cols_1 mobiles-cols_1 valign_middle type_default stacking_default\" style=\"--columns-gap:0rem;\"><div class=\"wpb_column vc_column_container\"><div class=\"vc_column-inner\"><div class=\"g-cols wpb_row via_grid cols_1 laptops-cols_inherit tablets-cols_inherit mobiles-cols_1 valign_middle type_default stacking_default\" style=\"--columns-gap:3rem;\"><div class=\"wpb_column vc_column_container us_custom_7841dd10 has_bg_color\"><div class=\"vc_column-inner\"><h3 class=\"w-text us_custom_8ac662a2 has_text_color\"><span class=\"w-text-h\"><span class=\"w-text-value\">Solu\u00e7\u00f5es t\u00e9cnicas para todas as ind\u00fastrias<\/span><\/span><\/h3><div class=\"w-separator size_small\"><\/div><div class=\"w-btn-wrapper align_center\"><a class=\"w-btn us-btn-style_1\" href=\"\/contactos\"><span class=\"w-btn-label\">Contacte-nos j\u00e1<\/span><\/a><\/div><\/div><\/div><\/div><\/div><\/div><\/div><\/div><\/section>\n","protected":false},"excerpt":{"rendered":"","protected":false},"author":1,"featured_media":0,"parent":0,"menu_order":0,"comment_status":"closed","ping_status":"closed","template":"","meta":{"footnotes":""},"class_list":["post-111","page","type-page","status-publish","hentry"],"_links":{"self":[{"href":"https:\/\/tecnitema.pt\/en\/wp-json\/wp\/v2\/pages\/111","targetHints":{"allow":["GET"]}}],"collection":[{"href":"https:\/\/tecnitema.pt\/en\/wp-json\/wp\/v2\/pages"}],"about":[{"href":"https:\/\/tecnitema.pt\/en\/wp-json\/wp\/v2\/types\/page"}],"author":[{"embeddable":true,"href":"https:\/\/tecnitema.pt\/en\/wp-json\/wp\/v2\/users\/1"}],"replies":[{"embeddable":true,"href":"https:\/\/tecnitema.pt\/en\/wp-json\/wp\/v2\/comments?post=111"}],"version-history":[{"count":16,"href":"https:\/\/tecnitema.pt\/en\/wp-json\/wp\/v2\/pages\/111\/revisions"}],"predecessor-version":[{"id":537,"href":"https:\/\/tecnitema.pt\/en\/wp-json\/wp\/v2\/pages\/111\/revisions\/537"}],"wp:attachment":[{"href":"https:\/\/tecnitema.pt\/en\/wp-json\/wp\/v2\/media?parent=111"}],"curies":[{"name":"wp","href":"https:\/\/api.w.org\/{rel}","templated":true}]}}