{"id":11,"date":"2022-04-26T02:08:38","date_gmt":"2022-04-26T02:08:38","guid":{"rendered":"https:\/\/impreza48.us-themes.com\/?page_id=11"},"modified":"2026-05-15T08:21:40","modified_gmt":"2026-05-15T08:21:40","slug":"inicio","status":"publish","type":"page","link":"https:\/\/tecnitema.pt\/en\/","title":{"rendered":"Inicio"},"content":{"rendered":"<section class=\"l-section wpb_row height_auto width_full\"><div class=\"l-section-h i-cf\"><div class=\"g-cols vc_row via_grid cols_2-1 laptops-cols_inherit tablets-cols_1 mobiles-cols_1 valign_top type_default stacking_default\" style=\"--columns-gap:0rem;\"><div class=\"wpb_column vc_column_container us_custom_66385c1b\"><div class=\"vc_column-inner\"><div class=\"w-separator size_huge\"><\/div><div class=\"w-separator hide_on_default hide_on_laptops hide_on_tablets size_custom\" style=\"height:100px\"><\/div><div class=\"wpb_text_column us_custom_3c9b016a\"><div class=\"wpb_wrapper\"><p>SOLU\u00c7\u00d5ES INDUSTRIAIS<br \/>\nEXPERIENCE<br \/>\nCONHECIMENTO<\/p>\n<\/div><\/div><div class=\"w-separator size_medium\"><\/div><div class=\"g-cols wpb_row via_grid cols_3 laptops-cols_inherit tablets-cols_3 mobiles-cols_2 valign_top type_default stacking_default\" style=\"--columns-gap:2rem;\"><div class=\"wpb_column vc_column_container\"><div class=\"vc_column-inner\"><div class=\"w-counter us_custom_bb955f44 has_text_color color_primary align_left has_font_size\" data-duration=\"2\"><div class=\"w-counter-value\"><span class=\"w-counter-value-part type_text\" data-final=\"\"><\/span><span class=\"w-counter-value-part type_number\" data-final=\"34\">0<\/span><span class=\"w-counter-value-part type_text\" data-final=\"\"><\/span><\/div><h2 class=\"w-counter-title\" style=\"font-size:calc( 18px + 0.7vw );\">Years of Experience<\/h2><\/div><div class=\"w-separator size_small\"><\/div><div class=\"wpb_text_column us_custom_49f317a8\"><div class=\"wpb_wrapper\"><p>Proven excellence in the industrial sector<\/p>\n<\/div><\/div><\/div><\/div><div class=\"wpb_column vc_column_container\"><div class=\"vc_column-inner\"><div class=\"w-counter us_custom_bb955f44 has_text_color color_primary align_left has_font_size\" data-duration=\"2\"><div class=\"w-counter-value\"><span class=\"w-counter-value-part type_text\" data-final=\"+\">+<\/span><span class=\"w-counter-value-part type_number\" data-final=\"35\">0<\/span><span class=\"w-counter-value-part type_text\" data-final=\"\"><\/span><\/div><h2 class=\"w-counter-title\" style=\"font-size:calc( 18px + 0.7vw );\">Industrial Clients<\/h2><\/div><div class=\"w-separator size_small\"><\/div><div class=\"wpb_text_column us_custom_49f317a8\"><div class=\"wpb_wrapper\"><p>Confidence and success<\/p>\n<\/div><\/div><\/div><\/div><div class=\"wpb_column vc_column_container\"><div class=\"vc_column-inner\"><div class=\"w-counter us_custom_bb955f44 has_text_color color_primary align_left has_font_size\" data-duration=\"2\"><div class=\"w-counter-value\"><span class=\"w-counter-value-part type_text\" data-final=\"+\">+<\/span><span class=\"w-counter-value-part type_number\" data-final=\"3000\">0<\/span><span class=\"w-counter-value-part type_text\" data-final=\"\"><\/span><\/div><h2 class=\"w-counter-title\" style=\"font-size:calc( 18px + 0.7vw );\">Stock References<\/h2><\/div><div class=\"w-separator size_small\"><\/div><div class=\"wpb_text_column us_custom_49f317a8\"><div class=\"wpb_wrapper\"><p>Immediate response and variety of technical solutions available<\/p>\n<\/div><\/div><\/div><\/div><\/div><div class=\"w-separator size_huge\"><\/div><div class=\"w-tabs layout_ver navwidth_30 navpos_left style_trendy switch_click has_scrolling remove_indents\" style=\"--sections-title-size:1.4rem\"><div class=\"w-tabs-list items_2 align_none\" style=\"font-weight:600;line-height:1.4rem;\"><div class=\"w-tabs-list-h\"><button class=\"w-tabs-item active defined-active\" aria-controls=\"content-ha2d\" aria-expanded=\"true\"><span class=\"w-tabs-item-title\">CERTIFICATIONS AND RECOGNITION<\/span><\/button><button class=\"w-tabs-item\" aria-controls=\"content-vdea\" aria-expanded=\"false\"><span class=\"w-tabs-item-title\">EXPERIENCE<\/span><\/button><\/div><\/div><div class=\"w-tabs-sections titles-align_none icon_chevron cpos_right\"><div class=\"w-tabs-section active\" id=\"ha2d\"><button class=\"w-tabs-section-header active\" aria-controls=\"content-ha2d\" aria-expanded=\"true\"><h3 class=\"w-tabs-section-title\">CERTIFICATIONS AND RECOGNITION<\/h3><div class=\"w-tabs-section-control\"><\/div><\/button><div  class=\"w-tabs-section-content\" id=\"content-ha2d\"><div class=\"w-tabs-section-content-h i-cf\"><div class=\"wpb_text_column us_custom_d31b3c46\"><div class=\"wpb_wrapper\"><p>QUALITY MANAGEMENT SYSTEM \u2013 NP EN ISO 9001:2015 \u2013 2025\/CEP.6263<br \/>\nCONSTRUCTION PERMIT FOR MECHANICAL AND ELECTROMECHANICAL INSTALLATIONS \u2013 70939<\/p>\n<p>TOP 10 SCORING BEST SMES IN THE SECTOR IN 2023, 2024 AND 2025<br \/>\nSME 2020 #1 IN PORTUGAL ACCORDING TO DELOITTE &amp; INFORMA \u2013 DUN &amp; BRADSTREET<br \/>\nDISTINCTIONS PME LEADER AND EXCELLENCE<\/p>\n<\/div><\/div><\/div><\/div><\/div><div class=\"w-tabs-section\" id=\"vdea\"><button class=\"w-tabs-section-header\" aria-controls=\"content-vdea\" aria-expanded=\"false\"><h3 class=\"w-tabs-section-title\">EXPERIENCE<\/h3><div class=\"w-tabs-section-control\"><\/div><\/button><div  class=\"w-tabs-section-content\" id=\"content-vdea\"><div class=\"w-tabs-section-content-h i-cf\"><div class=\"wpb_text_column us_custom_d31b3c46\"><div class=\"wpb_wrapper\"><p>QUICK AND PERSONALIZED RESPONSE, TAILORED TO THE REAL NEEDS OF EACH CUSTOMER<br \/>\nQUALITY ASSURED THROUGH PARTNERSHIPS WITH RECOGNIZED MANUFACTURERS<\/p>\n<p>PROJECT SUPPLY MANAGEMENT WITH LEADING ENGINEERING COMPANIES<br \/>\nSPECIALISTS IN COMPLEX MATERIALS AND EQUIPMENT<\/p>\n<\/div><\/div><\/div><\/div><\/div><\/div><\/div><\/div><\/div><div class=\"wpb_column vc_column_container us_custom_710d7493 hide_on_tablets hide_on_mobiles has_bg_color\"><div class=\"vc_column-inner\"><\/div><\/div><\/div><\/div><\/section><section class=\"l-section wpb_row height_auto width_full\"><div class=\"l-section-overlay\" style=\"background:rgba(50,219,159,0.12)\"><\/div><div class=\"l-section-h i-cf\"><div class=\"g-cols vc_row via_grid cols_2-1 laptops-cols_inherit tablets-cols_1 mobiles-cols_1 valign_top type_default stacking_default\" style=\"--columns-gap:0rem;\"><div class=\"wpb_column vc_column_container us_custom_8f4479a9\"><div class=\"vc_column-inner\"><h2 class=\"w-text\"><span class=\"w-text-h\"><span class=\"w-text-value\">COMMITMENT TO HISTORY<\/span><\/span><\/h2><div class=\"wpb_text_column\"><div class=\"wpb_wrapper\"><p style=\"text-align: left;\">WE HAVE ESTABLISHED PARTNERSHIPS WITH LEADING INTERNATIONAL MANUFACTURERS TO PROVIDE HIGH-QUALITY PRODUCTS, TECHNICAL SUPPORT, AND INNOVATIVE SOLUTIONS.<\/p>\n<p style=\"text-align: left;\">OUR COMMITMENT IS TO CONTRIBUTE TO THE SUCCESS OF OUR CLIENTS THROUGH INNOVATIVE TECHNOLOGIES AND IMPACTFUL PROJECTS.<\/p>\n<\/div><\/div><div class=\"w-separator size_medium\"><\/div><div class=\"w-image us_custom_3b26f501 has_ratio align_none\"><div class=\"w-image-h\"><div style=\"padding-bottom:42.8571%\"><\/div><img decoding=\"async\" width=\"1024\" height=\"683\" src=\"https:\/\/tecnitema.pt\/wp-content\/uploads\/2024\/09\/sines-headquarters-water-pipes-marine-boats-coast-portugal_c-1024x683.jpg\" class=\"attachment-large size-large\" alt=\"\" loading=\"lazy\" \/><\/div><\/div><\/div><\/div><div class=\"wpb_column vc_column_container us_custom_2d554386 hide_on_tablets hide_on_mobiles has_bg_color\"><div class=\"vc_column-inner\"><\/div><\/div><\/div><\/div><\/section><section class=\"l-section wpb_row height_auto width_full\"><div class=\"l-section-h i-cf\"><div class=\"g-cols vc_row via_grid cols_2-1 laptops-cols_inherit tablets-cols_1 mobiles-cols_1 valign_top type_default stacking_default\" style=\"--columns-gap:0rem;\"><div class=\"wpb_column vc_column_container us_custom_8f4479a9\"><div class=\"vc_column-inner\"><div class=\"g-cols wpb_row via_grid cols_1 laptops-cols_inherit tablets-cols_inherit mobiles-cols_1 valign_middle type_default stacking_default\" style=\"--columns-gap:3rem;\"><div class=\"wpb_column vc_column_container us_custom_7841dd10 has_bg_color\"><div class=\"vc_column-inner\"><h2 class=\"w-text us_custom_8ac662a2 has_text_color\"><span class=\"w-text-h\"><span class=\"w-text-value\">Because your confidence deserves the right partner.<\/span><\/span><\/h2><div class=\"w-separator size_small\"><\/div><div class=\"w-btn-wrapper align_center\"><a class=\"w-btn us-btn-style_1\" href=\"\/en\/contactos\/\"><span class=\"w-btn-label\">CONTACT US<\/span><\/a><\/div><\/div><\/div><\/div><\/div><\/div><div class=\"wpb_column vc_column_container us_custom_99bfc125 hide_on_tablets hide_on_mobiles has_bg_color\"><div class=\"vc_column-inner\"><\/div><\/div><\/div><\/div><\/section>","protected":false},"excerpt":{"rendered":"SOLU\u00c7\u00d5ES INDUSTRIAIS EXPERI\u00caNCIA CONHECIMENTO 0Anos de Experi\u00eanciaComprovada excel\u00eancia no setor industrial +0Clientes IndustriaisConfian\u00e7a e sucesso +0Refer\u00eancias de StockResposta imediata e variedade de solu\u00e7\u00f5es t\u00e9cnicas dispon\u00edveis CERTIFICA\u00c7\u00d5ES E RECONHECIMENTOEXPERI\u00caNCIACERTIFICA\u00c7\u00d5ES E RECONHECIMENTOSISTEMA DE GEST\u00c3O DA QUALIDADE &#8211; NP EN ISO 9001:2015 \u2013 2025\/CEP.6263 ALVAR\u00c1 DE CONSTRU\u00c7\u00c3O PARA INSTALA\u00c7\u00d5ES MEC\u00c2NICAS E ELETROMEC\u00c2NICAS \u2013 70939 TOP 10 SCORING MELHORES...","protected":false},"author":1,"featured_media":0,"parent":0,"menu_order":0,"comment_status":"closed","ping_status":"closed","template":"","meta":{"footnotes":""},"class_list":["post-11","page","type-page","status-publish","hentry"],"_links":{"self":[{"href":"https:\/\/tecnitema.pt\/en\/wp-json\/wp\/v2\/pages\/11","targetHints":{"allow":["GET"]}}],"collection":[{"href":"https:\/\/tecnitema.pt\/en\/wp-json\/wp\/v2\/pages"}],"about":[{"href":"https:\/\/tecnitema.pt\/en\/wp-json\/wp\/v2\/types\/page"}],"author":[{"embeddable":true,"href":"https:\/\/tecnitema.pt\/en\/wp-json\/wp\/v2\/users\/1"}],"replies":[{"embeddable":true,"href":"https:\/\/tecnitema.pt\/en\/wp-json\/wp\/v2\/comments?post=11"}],"version-history":[{"count":43,"href":"https:\/\/tecnitema.pt\/en\/wp-json\/wp\/v2\/pages\/11\/revisions"}],"predecessor-version":[{"id":542,"href":"https:\/\/tecnitema.pt\/en\/wp-json\/wp\/v2\/pages\/11\/revisions\/542"}],"wp:attachment":[{"href":"https:\/\/tecnitema.pt\/en\/wp-json\/wp\/v2\/media?parent=11"}],"curies":[{"name":"wp","href":"https:\/\/api.w.org\/{rel}","templated":true}]}}